{"id":519,"date":"2024-12-19T10:20:51","date_gmt":"2024-12-19T09:20:51","guid":{"rendered":"http:\/\/corpsetsens.site\/?page_id=519"},"modified":"2024-12-23T19:48:03","modified_gmt":"2024-12-23T18:48:03","slug":"mentions-legales","status":"publish","type":"page","link":"https:\/\/corpsetsens.site\/index.php\/mentions-legales\/","title":{"rendered":"Mentions l\u00e9gales"},"content":{"rendered":"\n<div style=\"height:40px\" aria-hidden=\"true\" class=\"wp-block-spacer\"><\/div>\n\n\n\n<h2 class=\"wp-block-heading has-text-align-center has-neve-link-hover-color-color has-text-color has-link-color wp-elements-16846517bcadde0fe58ffebafda3749e\">Mentions l\u00e9gales<\/h2>\n\n\n\n<div style=\"height:20px\" aria-hidden=\"true\" class=\"wp-block-spacer\"><\/div>\n\n\n\n<p>Mentions l\u00e9gales en vigueur au&nbsp;18\/12\/2024<\/p>\n\n\n\n<p>Conform\u00e9ment aux dispositions des Articles 6-III et 19 de la Loi n\u00b02004-575 du 21 juin 2004 pour la Confiance dans l\u2019\u00e9conomie num\u00e9rique, dite L.C.E.N., il est port\u00e9 \u00e0 la connaissance des utilisateurs et visiteurs, ci-apr\u00e8s l&rsquo;\u00ab\u00a0<strong>Utilisateur<\/strong> \u00bb du site <a href=\"http:\/\/corpsetsens.site\">http:\/\/corpsetsens.site<\/a>  ci-apr\u00e8s le \u00ab <strong>Site<\/strong> \u00bb, les pr\u00e9sentes mentions l\u00e9gales.<\/p>\n\n\n\n<p>La connexion et la navigation sur le Site <a href=\"http:\/\/corpsetsens.site\">http:\/\/corpsetsens.site<\/a> par l\u2019Utilisateur implique acceptation int\u00e9grale et sans r\u00e9serve des pr\u00e9sentes mentions l\u00e9gales.<\/p>\n\n\n\n<p>Ces derni\u00e8res sont accessibles sur le Site \u00e0 la rubrique \u00ab&nbsp;<strong>Mentions l\u00e9gales<\/strong>&nbsp;\u00bb.<\/p>\n\n\n\n<h3 class=\"wp-block-heading\">ARTICLE 1 &#8211; L&rsquo;\u00c9DITEUR<\/h3>\n\n\n\n<p>L&rsquo;\u00e9dition du Site\u00a0<a href=\"http:\/\/corpsetsens.site\">http:\/\/corpsetsens.site<\/a>\u00a0est assur\u00e9e par\u00a0Tina Fourcade,\u00a0Micro-entreprise\u00a0immatricul\u00e9e au Registre du Commerce et des Soci\u00e9t\u00e9s de\u00a0Foix\u00a0sous le num\u00e9ro 882 269 871, dont le si\u00e8ge social est situ\u00e9 au Lieu-Dit Castillane\u00a009350 Montfa.<\/p>\n\n\n\n<p>Num\u00e9ro de t\u00e9l\u00e9phone&nbsp;06 64 82 81 24, Adresse e-mail :&nbsp;tinafourcade@hotmail.com<\/p>\n\n\n\n<p>La&nbsp;Directrice&nbsp;de la publication est&nbsp;Tina Fourcade, ci-apr\u00e8s d\u00e9nomm\u00e9 l&rsquo;\u00ab&nbsp;<strong>Editrice<\/strong> \u00bb.<\/p>\n\n\n\n<h3 class=\"wp-block-heading\">ARTICLE 2 &#8211; CR\u00c9ATION ET H\u00c9BERGEMENT DU SITE<\/h3>\n\n\n\n<p>Le site est cr\u00e9\u00e9 par Joanna Sash Cr\u00e9ations.<\/p>\n\n\n\n<p>L&rsquo;h\u00e9bergeur du Site est la soci\u00e9t\u00e9 OVH SAS, dont le si\u00e8ge social est situ\u00e9 au 2&nbsp;rue Kellermann &#8211; 59100 Roubaix \u2013 France.<\/p>\n\n\n\n<h3 class=\"wp-block-heading\">ARTICLE 3 &#8211; ACC\u00c8S AU SITE<\/h3>\n\n\n\n<p>Le Site est accessible en tout endroit, 7j\/7, 24h\/24 sauf cas de force majeure, interruption programm\u00e9e ou non et pouvant d\u00e9coulant d\u2019une n\u00e9cessit\u00e9 de maintenance.<\/p>\n\n\n\n<p>En cas de modification, interruption ou suspension du Site, l&rsquo;Editeur ne saurait \u00eatre tenu responsable.<\/p>\n\n\n\n<h3 class=\"wp-block-heading\">ARTICLE 4 &#8211; UTILISATION ET DIFFUSION DES CONTENUS<\/h3>\n\n\n\n<p>Cr\u00e9dit photos&nbsp;:&nbsp;Tina Fourcade<\/p>\n\n\n\n<p>Pour toute utilisation des visuels de ce Site (images, photographies et illustrations), vous devez demander l\u2019autorisation au propri\u00e9taire&nbsp;par mail :&nbsp;tinafourcade@hotmail.com<\/p>\n\n\n\n<p>Toute utilisation, reproduction, diffusion, commercialisation, modification de toute ou partie du Site, sans autorisation de l\u2019Editeur est prohib\u00e9e et pourra entra\u00eener des actions et poursuites judiciaires telles que notamment pr\u00e9vues par le Code de la propri\u00e9t\u00e9 intellectuelle et le Code civil.<\/p>\n\n\n\n<div style=\"height:20px\" aria-hidden=\"true\" class=\"wp-block-spacer\"><\/div>\n\n\n\n<h2 class=\"wp-block-heading has-text-align-center\"><strong>POLITIQUE DE CONFIDENTIALIT\u00c9<\/strong><\/h2>\n\n\n\n<div style=\"height:20px\" aria-hidden=\"true\" class=\"wp-block-spacer\"><\/div>\n\n\n\n<h3 class=\"wp-block-heading\">COLLECTE DES DONN\u00c9ES ET COOKIES<\/h3>\n\n\n\n<p>Le Site assure \u00e0 l&rsquo;Utilisateur une collecte et un traitement d&rsquo;informations personnelles dans le respect de la vie priv\u00e9e conform\u00e9ment \u00e0 la loi n\u00b078-17 du 6 janvier 1978 relative \u00e0 l&rsquo;informatique, aux fichiers et aux libert\u00e9s.&nbsp;<\/p>\n\n\n\n<h3 class=\"wp-block-heading\"><strong>Les droits que vous avez sur vos donn\u00e9es<\/strong><\/h3>\n\n\n\n<p>En vertu de la loi Informatique et Libert\u00e9s, en date du 6 janvier 1978, l&rsquo;Utilisateur dispose d&rsquo;un droit d&rsquo;acc\u00e8s, de rectification, de suppression, de portabilit\u00e9, de limitation et d&rsquo;opposition de ses donn\u00e9es personnelles. L&rsquo;Utilisateur exerce ce droit :<\/p>\n\n\n\n<ul class=\"wp-block-list\">\n<li>par mail :&nbsp;tinafourcade@hotmail.com<\/li>\n\n\n\n<li>par voie postale&nbsp;:&nbsp;Corps &amp; Sens, Lieu Dit Castillane&nbsp;09350 Montfa<\/li>\n<\/ul>\n\n\n\n<p>Vous pouvez demander \u00e0 recevoir un fichier contenant toutes les donn\u00e9es personnelles que nous poss\u00e9dons \u00e0 votre sujet, incluant celles que vous nous avez fournies. Vous pouvez \u00e9galement demander la suppression des donn\u00e9es personnelles vous concernant. Cela ne prend pas en compte les donn\u00e9es stock\u00e9es \u00e0 des fins administratives, l\u00e9gales ou pour des raisons de s\u00e9curit\u00e9.<\/p>\n\n\n\n<h3 class=\"wp-block-heading\"><strong>Utilisation et transmission de vos donn\u00e9es personnelles<\/strong><\/h3>\n\n\n\n<p>Vous n&rsquo;avez actuellement pas la possibilit\u00e9 de cr\u00e9er un compte sur notre site ni de laisser un commentaire, par cons\u00e9quent vos donn\u00e9es ne sont pas collect\u00e9es pour ces outils.<\/p>\n\n\n\n<p>Les donn\u00e9es transmises ne sont pas collect\u00e9es dans le but d&rsquo;\u00eatre exploit\u00e9es. Vos donn\u00e9es personnelles sont seulement utilis\u00e9es par notre \u00e9tablissement pour vous recontacter et r\u00e9pondre \u00e0 vos demandes. Les cookies ne sont pas conserv\u00e9s.<\/p>\n\n\n\n<h3 class=\"wp-block-heading\"><strong>Commentaires<\/strong><\/h3>\n\n\n\n<p>Vous n&rsquo;avez actuellement pas la possibilit\u00e9 de laisser un commentaire. Si toutefois ce site vous donnait acc\u00e8s pour laisser un commentaire, les donn\u00e9es inscrites dans le formulaire de commentaire, ainsi que votre adresse IP et l\u2019agent utilisateur de votre navigateur seraient collect\u00e9s pour nous aider \u00e0 la d\u00e9tection des commentaires ind\u00e9sirables.<\/p>\n\n\n\n<p>Si vous d\u00e9posiez un commentaire sur notre site, il vous serait propos\u00e9 d\u2019enregistrer votre nom, adresse e-mail et site dans des cookies. Cela serait uniquement pour votre confort afin de ne pas avoir \u00e0 saisir ces informations si vous d\u00e9posiez un autre commentaire plus tard. Ces cookies expireraient au bout d\u2019un an.<\/p>\n\n\n\n<h3 class=\"wp-block-heading\"><strong>Contenu embarqu\u00e9 depuis d\u2019autres sites<\/strong><\/h3>\n\n\n\n<p>Les articles de ce site peuvent inclure des contenus int\u00e9gr\u00e9s (par exemple des vid\u00e9os, images, articles\u2026). Le contenu int\u00e9gr\u00e9 depuis d\u2019autres sites se comporte de la m\u00eame mani\u00e8re que si le visiteur se rendait sur cet autre site.<\/p>\n\n\n\n<p>Ces sites web pourraient collecter des donn\u00e9es sur vous, utiliser des cookies, embarquer des outils de suivis tiers, suivre vos interactions avec ces contenus embarqu\u00e9s si vous disposez d\u2019un compte connect\u00e9 sur leur site web.<\/p>\n\n\n\n<h3 class=\"wp-block-heading\"><strong>Dur\u00e9es de stockage de vos donn\u00e9es<\/strong><\/h3>\n\n\n\n<p>Si vous laissiez un commentaire, le commentaire et ses m\u00e9tadonn\u00e9es seraient conserv\u00e9s ind\u00e9finiment. Cela permettrait de reconna\u00eetre et approuver automatiquement les commentaires suivants au lieu de les laisser dans la file de mod\u00e9ration.<\/p>\n\n\n\n<h3 class=\"wp-block-heading\"><strong>Transmission de vos donn\u00e9es personnelles<\/strong><\/h3>\n\n\n\n<p>Vos donn\u00e9es personnelles ne sont transmises \u00e0 aucun tiers.<\/p>\n\n\n\n<div style=\"height:40px\" aria-hidden=\"true\" class=\"wp-block-spacer\"><\/div>\n","protected":false},"excerpt":{"rendered":"<p>Mentions l\u00e9gales Mentions l\u00e9gales en vigueur au&nbsp;18\/12\/2024 Conform\u00e9ment aux dispositions des Articles 6-III et 19 de la Loi n\u00b02004-575 du 21 juin 2004 pour la Confiance dans l\u2019\u00e9conomie num\u00e9rique, dite L.C.E.N., il est port\u00e9 \u00e0 la connaissance des utilisateurs et visiteurs, ci-apr\u00e8s l&rsquo;\u00ab\u00a0Utilisateur \u00bb du site http:\/\/corpsetsens.site ci-apr\u00e8s le \u00ab Site \u00bb, les pr\u00e9sentes mentions&hellip;&nbsp;<a href=\"https:\/\/corpsetsens.site\/index.php\/mentions-legales\/\" class=\"\" rel=\"bookmark\">Lire la suite &raquo;<span class=\"screen-reader-text\">Mentions l\u00e9gales<\/span><\/a><\/p>\n","protected":false},"author":1,"featured_media":0,"parent":0,"menu_order":0,"comment_status":"closed","ping_status":"closed","template":"","meta":{"neve_meta_sidebar":"","neve_meta_container":"","neve_meta_enable_content_width":"on","neve_meta_content_width":100,"neve_meta_title_alignment":"","neve_meta_author_avatar":"","neve_post_elements_order":"","neve_meta_disable_header":"","neve_meta_disable_footer":"","neve_meta_disable_title":"on","footnotes":""},"class_list":["post-519","page","type-page","status-publish","hentry"],"_links":{"self":[{"href":"https:\/\/corpsetsens.site\/index.php\/wp-json\/wp\/v2\/pages\/519","targetHints":{"allow":["GET"]}}],"collection":[{"href":"https:\/\/corpsetsens.site\/index.php\/wp-json\/wp\/v2\/pages"}],"about":[{"href":"https:\/\/corpsetsens.site\/index.php\/wp-json\/wp\/v2\/types\/page"}],"author":[{"embeddable":true,"href":"https:\/\/corpsetsens.site\/index.php\/wp-json\/wp\/v2\/users\/1"}],"replies":[{"embeddable":true,"href":"https:\/\/corpsetsens.site\/index.php\/wp-json\/wp\/v2\/comments?post=519"}],"version-history":[{"count":10,"href":"https:\/\/corpsetsens.site\/index.php\/wp-json\/wp\/v2\/pages\/519\/revisions"}],"predecessor-version":[{"id":1356,"href":"https:\/\/corpsetsens.site\/index.php\/wp-json\/wp\/v2\/pages\/519\/revisions\/1356"}],"wp:attachment":[{"href":"https:\/\/corpsetsens.site\/index.php\/wp-json\/wp\/v2\/media?parent=519"}],"curies":[{"name":"wp","href":"https:\/\/api.w.org\/{rel}","templated":true}]}}