{"id":512,"date":"2024-12-19T12:12:17","date_gmt":"2024-12-19T11:12:17","guid":{"rendered":"http:\/\/corpsetsens.site\/?page_id=512"},"modified":"2024-12-24T11:31:11","modified_gmt":"2024-12-24T10:31:11","slug":"massages-ayurvediques","status":"publish","type":"page","link":"https:\/\/corpsetsens.site\/index.php\/massages-ayurvediques\/","title":{"rendered":"Massages Ayurv\u00e9diques"},"content":{"rendered":"\n<div style=\"height:40px\" aria-hidden=\"true\" class=\"wp-block-spacer\"><\/div>\n\n\n\n<h2 class=\"wp-block-heading has-text-align-center has-neve-link-hover-color-color has-text-color has-link-color wp-elements-f593ab67523532eef691dd2a99b44e19\"><br>Massages Ayurv\u00e9diques<\/h2>\n\n\n\n<div style=\"height:20px\" aria-hidden=\"true\" class=\"wp-block-spacer\"><\/div>\n\n\n\n<h3 class=\"wp-block-heading has-text-align-center\">L&rsquo; Abhyanga : massage du corps \u00e0 l&rsquo;huile<\/h3>\n\n\n\n<p class=\"has-text-align-left has-medium-font-size\"><strong>\u00ab\u00a0Abhyanga\u00a0\u00bb signifie en sanskrit \u00ab&nbsp;massage du corps \u00e0 l&rsquo;huile ti\u00e9die&nbsp;\u00bb<\/strong><\/p>\n\n\n\n<div class=\"wp-block-media-text is-stacked-on-mobile is-vertically-aligned-center\" style=\"padding-top:var(--wp--preset--spacing--50);padding-right:var(--wp--preset--spacing--50);padding-bottom:var(--wp--preset--spacing--50);padding-left:var(--wp--preset--spacing--50);grid-template-columns:28% auto\"><figure class=\"wp-block-media-text__media\"><img loading=\"lazy\" decoding=\"async\" width=\"684\" height=\"1024\" src=\"http:\/\/corpsetsens.site\/wp-content\/uploads\/2024\/12\/D75_7857-684x1024.jpg\" alt=\"\" class=\"wp-image-334 size-large\" srcset=\"https:\/\/corpsetsens.site\/wp-content\/uploads\/2024\/12\/D75_7857-684x1024.jpg 684w, https:\/\/corpsetsens.site\/wp-content\/uploads\/2024\/12\/D75_7857-200x300.jpg 200w, https:\/\/corpsetsens.site\/wp-content\/uploads\/2024\/12\/D75_7857-768x1150.jpg 768w, https:\/\/corpsetsens.site\/wp-content\/uploads\/2024\/12\/D75_7857-1025x1536.jpg 1025w, https:\/\/corpsetsens.site\/wp-content\/uploads\/2024\/12\/D75_7857-1367x2048.jpg 1367w, https:\/\/corpsetsens.site\/wp-content\/uploads\/2024\/12\/D75_7857-scaled.jpg 1709w\" sizes=\"auto, (max-width: 684px) 100vw, 684px\" \/><\/figure><div class=\"wp-block-media-text__content\">\n<p class=\"has-text-align-left has-neve-text-color-color has-text-color has-link-color wp-elements-507bd6dbba7eb2cca468841fde552490\"><br>Ce qu&rsquo;il faut bien comprendre en Ayurv\u00e9da, c&rsquo;est qu&rsquo;il existe une multitude de massages Abhyanga, qui peuvent parfois avoir des noms sp\u00e9cifiques ou pas. <strong>Nous choisissons ensemble, lors de votre prise de rendez-vous ou de votre venue, le massage qui vous correspond. <\/strong><\/p>\n\n\n\n<p class=\"has-text-align-left has-neve-text-color-color has-text-color has-link-color wp-elements-9c5c6c28a9fe7366425771b9034fab97\"><strong>Certains Abhyanga vont \u00eatre l\u00e0 pour stimuler l&rsquo;\u00e9nergie, redynamiser, mobiliser le corps et l&rsquo;esprit.<\/strong><\/p>\n\n\n\n<p class=\"has-text-align-left has-neve-text-color-color has-text-color has-link-color wp-elements-1248ade30e06c534d8b46597e60432c7\">D&rsquo;autres Abhyanga vont davantage apaiser les tensions nerveuses, d\u00e9tendre, assouplir. Les techniques utilis\u00e9es seront plus douces et d\u00e9licates. D&rsquo;autres, encore, vont-\u00eatre l\u00e0 pour drainer, faire circuler, etc.<\/p>\n\n\n\n<p>D\u2019une mani\u00e8re g\u00e9n\u00e9rale, un massage Ayurv\u00e9dique favorise la circulation sanguine et lymphatique, d\u00e9tend et tonifie les tissus musculaires, nourrit la peau, lib\u00e8re les flux d&rsquo;oxyg\u00e8ne vers les tissus, assouplie les articulations et la colonne vert\u00e9brale. Drainant, il favorise l&rsquo;\u00e9limination et apaise le syst\u00e8me nerveux.<\/p>\n<\/div><\/div>\n\n\n\n<p class=\"has-neve-text-color-color has-text-color has-link-color wp-elements-4cf2a8161e0a4ad5c1759196d033803c\" style=\"border-radius:35px\">Le massage Ayurv\u00e9dique Abhyanga passe par les circuits \u00e9nerg\u00e9tiques du corps et masse sur diff\u00e9rents plans. Il entre en profondeur dans le corps et les muscles, assouplie les articulations et harmonise l&rsquo;\u00e9nergie subtile du corps.<\/p>\n\n\n\n<p>Si l&rsquo;Ayurv\u00e9da vous int\u00e9resse, consultez la page <a href=\"http:\/\/corpsetsens.site\/index.php\/layurveda-pour-aller-plus-loin\/\" target=\"_blank\" rel=\"noreferrer noopener\">\u00ab\u00a0L&rsquo;Ayurv\u00e9da, pour aller plus loin\u00a0\u00bb<\/a>. Vous comprendrez ainsi les bases de l&rsquo;Ayurv\u00e9da et comment cette m\u00e9decine traditionnelle et ancestrale fonctionne.<\/p>\n\n\n\n<div style=\"height:5px\" aria-hidden=\"true\" class=\"wp-block-spacer\"><\/div>\n\n\n\n<p class=\"has-text-align-right has-nv-dark-bg-color has-text-color has-link-color wp-elements-8b23acf4469fc6500fd06c938be7706c\" style=\"font-size:27px\"><strong>1h = 50 \u20ac \/ 1h30 = 70 \u20ac<\/strong><\/p>\n\n\n\n<div style=\"height:20px\" aria-hidden=\"true\" class=\"wp-block-spacer\"><\/div>\n\n\n\n<hr class=\"wp-block-separator has-text-color has-neve-link-color-color has-alpha-channel-opacity has-neve-link-color-background-color has-background is-style-default\"\/>\n\n\n\n<div style=\"height:20px\" aria-hidden=\"true\" class=\"wp-block-spacer\"><\/div>\n\n\n\n<h3 class=\"wp-block-heading has-text-align-center\">Massage pour femme enceinte&nbsp;<\/h3>\n\n\n\n<p class=\"has-medium-font-size\"><strong>En Ayurv\u00e9da, prodiguer un massage \u00e0 une femme enceinte, c&rsquo;est rendre gr\u00e2ce \u00e0 la magie et au myst\u00e8re de la vie qui est \u00e0 l\u2019\u0153uvre. C&rsquo;est prendre le temps d&rsquo;honorer la femme.<\/strong><\/p>\n\n\n\n<div class=\"wp-block-columns is-layout-flex wp-container-core-columns-is-layout-9d6595d7 wp-block-columns-is-layout-flex\">\n<div class=\"wp-block-column is-layout-flow wp-block-column-is-layout-flow\" style=\"flex-basis:33%\"><div class=\"wp-block-image\">\n<figure class=\"alignleft size-large has-custom-border\"><img loading=\"lazy\" decoding=\"async\" width=\"1024\" height=\"885\" src=\"http:\/\/corpsetsens.site\/wp-content\/uploads\/2024\/10\/D75_8020-1024x885.jpg\" alt=\"\" class=\"wp-image-294\" style=\"border-radius:10px\" srcset=\"https:\/\/corpsetsens.site\/wp-content\/uploads\/2024\/10\/D75_8020-1024x885.jpg 1024w, https:\/\/corpsetsens.site\/wp-content\/uploads\/2024\/10\/D75_8020-300x259.jpg 300w, https:\/\/corpsetsens.site\/wp-content\/uploads\/2024\/10\/D75_8020-768x663.jpg 768w, https:\/\/corpsetsens.site\/wp-content\/uploads\/2024\/10\/D75_8020-1536x1327.jpg 1536w, https:\/\/corpsetsens.site\/wp-content\/uploads\/2024\/10\/D75_8020-2048x1769.jpg 2048w\" sizes=\"auto, (max-width: 1024px) 100vw, 1024px\" \/><\/figure>\n<\/div><\/div>\n\n\n\n<div class=\"wp-block-column is-layout-flow wp-block-column-is-layout-flow\" style=\"flex-basis:33%\">\n<p>Ce massage, doux et profond \u00e0 la fois est un r\u00e9el moment de connexion avec le subtil de la vie.<\/p>\n\n\n\n<p> Il favorise la d\u00e9tente, pr\u00e9pare le bassin, <strong>soulage les douleurs li\u00e9es \u00e0 la grossesse, notamment celles du dos.<\/strong> Ce massage soutien le corps dans sa cr\u00e9ation d&rsquo;un nouvel \u00eatre.<\/p>\n<\/div>\n\n\n\n<div class=\"wp-block-column is-layout-flow wp-block-column-is-layout-flow\" style=\"flex-basis:33%\"><div class=\"wp-block-image\">\n<figure class=\"alignright size-large has-custom-border\"><img loading=\"lazy\" decoding=\"async\" width=\"1024\" height=\"704\" src=\"http:\/\/corpsetsens.site\/wp-content\/uploads\/2024\/10\/D75_8001-1024x704.jpg\" alt=\"\" class=\"wp-image-292\" style=\"border-radius:10px\" srcset=\"https:\/\/corpsetsens.site\/wp-content\/uploads\/2024\/10\/D75_8001-1024x704.jpg 1024w, https:\/\/corpsetsens.site\/wp-content\/uploads\/2024\/10\/D75_8001-300x206.jpg 300w, https:\/\/corpsetsens.site\/wp-content\/uploads\/2024\/10\/D75_8001-768x528.jpg 768w, https:\/\/corpsetsens.site\/wp-content\/uploads\/2024\/10\/D75_8001-1536x1056.jpg 1536w, https:\/\/corpsetsens.site\/wp-content\/uploads\/2024\/10\/D75_8001-2048x1408.jpg 2048w\" sizes=\"auto, (max-width: 1024px) 100vw, 1024px\" \/><\/figure>\n<\/div><\/div>\n<\/div>\n\n\n\n<p class=\"has-text-align-right has-nv-dark-bg-color has-text-color has-link-color wp-elements-54dc931115eb5684e76781ade64a3b6a\" style=\"font-size:27px\"><strong>1h15 = 60 \u20ac<\/strong><\/p>\n\n\n\n<div style=\"height:20px\" aria-hidden=\"true\" class=\"wp-block-spacer\"><\/div>\n\n\n\n<hr class=\"wp-block-separator has-text-color has-neve-link-color-color has-alpha-channel-opacity has-neve-link-color-background-color has-background is-style-default\"\/>\n\n\n\n<div style=\"height:20px\" aria-hidden=\"true\" class=\"wp-block-spacer\"><\/div>\n\n\n\n<h3 class=\"wp-block-heading has-text-align-center\">Le Padda-Abhyanga&nbsp;: massage de pied<\/h3>\n\n\n\n<p class=\"has-text-align-left has-medium-font-size\"><br><strong>Tout notre corps est contenu dans nos pieds&nbsp;! C\u2019est pourquoi en agissant sur les pieds, nous avons acc\u00e8s \u00e0 l\u2019am\u00e9lioration de nombreux d\u00e9r\u00e8glements physiques.<\/strong><\/p>\n\n\n\n<div class=\"wp-block-media-text is-stacked-on-mobile\" style=\"grid-template-columns:24% auto\"><figure class=\"wp-block-media-text__media\"><img loading=\"lazy\" decoding=\"async\" width=\"684\" height=\"1024\" src=\"http:\/\/corpsetsens.site\/wp-content\/uploads\/2024\/10\/D75_7878-684x1024.jpg\" alt=\"\" class=\"wp-image-290 size-full\" srcset=\"https:\/\/corpsetsens.site\/wp-content\/uploads\/2024\/10\/D75_7878-684x1024.jpg 684w, https:\/\/corpsetsens.site\/wp-content\/uploads\/2024\/10\/D75_7878-200x300.jpg 200w, https:\/\/corpsetsens.site\/wp-content\/uploads\/2024\/10\/D75_7878-768x1150.jpg 768w, https:\/\/corpsetsens.site\/wp-content\/uploads\/2024\/10\/D75_7878-1025x1536.jpg 1025w, https:\/\/corpsetsens.site\/wp-content\/uploads\/2024\/10\/D75_7878-1367x2048.jpg 1367w, https:\/\/corpsetsens.site\/wp-content\/uploads\/2024\/10\/D75_7878-scaled.jpg 1709w\" sizes=\"auto, (max-width: 684px) 100vw, 684px\" \/><\/figure><div class=\"wp-block-media-text__content\">\n<p>Le massage des pieds interf\u00e8re directement sur notre syst\u00e8me musculaire en le relaxant profond\u00e9ment. <\/p>\n\n\n\n<p>Il influe sur notre syst\u00e8me nerveux en profondeur. Ce protocole aide la circulation sanguine dans les pieds. <\/p>\n\n\n\n<p>Il est donc conseill\u00e9 en cas de varices, de jambes lourdes, d&rsquo;engourdissement et de difficult\u00e9s de pression art\u00e9rielle. <\/p>\n\n\n\n<p>Ce protocole est b\u00e9n\u00e9fique aussi pour soulager les maladies respiratoires et les probl\u00e8mes digestifs.<\/p>\n<\/div><\/div>\n\n\n\n<p class=\"has-text-align-right has-nv-dark-bg-color has-text-color has-link-color wp-elements-a8522502c65bb6daa8f8aff9ffcb1cf9\" style=\"font-size:27px\"><strong>1h = 50 \u20ac<\/strong><\/p>\n\n\n\n<div style=\"height:20px\" aria-hidden=\"true\" class=\"wp-block-spacer\"><\/div>\n\n\n\n<hr class=\"wp-block-separator has-text-color has-neve-link-color-color has-alpha-channel-opacity has-neve-link-color-background-color has-background is-style-default\"\/>\n\n\n\n<div style=\"height:20px\" aria-hidden=\"true\" class=\"wp-block-spacer\"><\/div>\n\n\n\n<h3 class=\"wp-block-heading has-text-align-center\">Soin harmonisant du visage<\/h3>\n\n\n\n<p class=\"has-text-align-left has-medium-font-size\"><strong>Ce protocole d&rsquo;une grande douceur, apaisant et r\u00e9g\u00e9n\u00e9rant, alterne les temps de soin et de d\u00e9tente afin de r\u00e9tablir l&rsquo;\u00e9quilibre \u00e9nerg\u00e9tique.<\/strong><\/p>\n\n\n\n<p class=\"has-text-align-left\">Vous redonnez l\u00e9g\u00e8ret\u00e9, \u00e9clat et jeunesse \u00e0 votre peau.<strong> <\/strong>Ce soin est id\u00e9al pour les personnes moins \u00e0 l&rsquo;aise avec le massage.<\/p>\n\n\n\n<figure class=\"wp-block-gallery has-nested-images columns-5 is-cropped wp-block-gallery-1 is-layout-flex wp-block-gallery-is-layout-flex\">\n<figure class=\"wp-block-image size-large has-custom-border is-style-default\"><img loading=\"lazy\" decoding=\"async\" width=\"1024\" height=\"634\" data-id=\"297\" src=\"http:\/\/corpsetsens.site\/wp-content\/uploads\/2024\/10\/D75_7808-1024x634.jpg\" alt=\"\" class=\"wp-image-297\" style=\"border-radius:10px\" srcset=\"https:\/\/corpsetsens.site\/wp-content\/uploads\/2024\/10\/D75_7808-1024x634.jpg 1024w, https:\/\/corpsetsens.site\/wp-content\/uploads\/2024\/10\/D75_7808-300x186.jpg 300w, https:\/\/corpsetsens.site\/wp-content\/uploads\/2024\/10\/D75_7808-768x475.jpg 768w, https:\/\/corpsetsens.site\/wp-content\/uploads\/2024\/10\/D75_7808-1536x951.jpg 1536w, https:\/\/corpsetsens.site\/wp-content\/uploads\/2024\/10\/D75_7808-2048x1268.jpg 2048w\" sizes=\"auto, (max-width: 1024px) 100vw, 1024px\" \/><\/figure>\n\n\n\n<figure class=\"wp-block-image size-large has-custom-border\"><img loading=\"lazy\" decoding=\"async\" width=\"684\" height=\"1024\" data-id=\"577\" src=\"http:\/\/corpsetsens.site\/wp-content\/uploads\/2024\/12\/D75_7782-1-684x1024.jpg\" alt=\"\" class=\"wp-image-577\" style=\"border-radius:10px\" srcset=\"https:\/\/corpsetsens.site\/wp-content\/uploads\/2024\/12\/D75_7782-1-684x1024.jpg 684w, https:\/\/corpsetsens.site\/wp-content\/uploads\/2024\/12\/D75_7782-1-200x300.jpg 200w, https:\/\/corpsetsens.site\/wp-content\/uploads\/2024\/12\/D75_7782-1-768x1150.jpg 768w, https:\/\/corpsetsens.site\/wp-content\/uploads\/2024\/12\/D75_7782-1-scaled.jpg 1709w\" sizes=\"auto, (max-width: 684px) 100vw, 684px\" \/><\/figure>\n\n\n\n<figure class=\"wp-block-image size-large has-custom-border\"><img loading=\"lazy\" decoding=\"async\" width=\"1024\" height=\"692\" data-id=\"576\" src=\"http:\/\/corpsetsens.site\/wp-content\/uploads\/2024\/12\/D75_7790-1024x692.jpg\" alt=\"\" class=\"wp-image-576\" style=\"border-radius:10px\" srcset=\"https:\/\/corpsetsens.site\/wp-content\/uploads\/2024\/12\/D75_7790-1024x692.jpg 1024w, https:\/\/corpsetsens.site\/wp-content\/uploads\/2024\/12\/D75_7790-300x203.jpg 300w, https:\/\/corpsetsens.site\/wp-content\/uploads\/2024\/12\/D75_7790-768x519.jpg 768w\" sizes=\"auto, (max-width: 1024px) 100vw, 1024px\" \/><\/figure>\n\n\n\n<figure class=\"wp-block-image size-large has-custom-border\"><img loading=\"lazy\" decoding=\"async\" width=\"793\" height=\"1024\" data-id=\"296\" src=\"http:\/\/corpsetsens.site\/wp-content\/uploads\/2024\/10\/D75_7773-793x1024.jpg\" alt=\"\" class=\"wp-image-296\" style=\"border-radius:10px\" srcset=\"https:\/\/corpsetsens.site\/wp-content\/uploads\/2024\/10\/D75_7773-793x1024.jpg 793w, https:\/\/corpsetsens.site\/wp-content\/uploads\/2024\/10\/D75_7773-232x300.jpg 232w, https:\/\/corpsetsens.site\/wp-content\/uploads\/2024\/10\/D75_7773-768x992.jpg 768w, https:\/\/corpsetsens.site\/wp-content\/uploads\/2024\/10\/D75_7773-1189x1536.jpg 1189w, https:\/\/corpsetsens.site\/wp-content\/uploads\/2024\/10\/D75_7773-1585x2048.jpg 1585w, https:\/\/corpsetsens.site\/wp-content\/uploads\/2024\/10\/D75_7773-scaled.jpg 1981w\" sizes=\"auto, (max-width: 793px) 100vw, 793px\" \/><\/figure>\n\n\n\n<figure class=\"wp-block-image size-large has-custom-border\"><img loading=\"lazy\" decoding=\"async\" width=\"1024\" height=\"825\" data-id=\"575\" src=\"http:\/\/corpsetsens.site\/wp-content\/uploads\/2024\/12\/D75_7796-1-1024x825.jpg\" alt=\"\" class=\"wp-image-575\" style=\"border-radius:10px\" srcset=\"https:\/\/corpsetsens.site\/wp-content\/uploads\/2024\/12\/D75_7796-1-1024x825.jpg 1024w, https:\/\/corpsetsens.site\/wp-content\/uploads\/2024\/12\/D75_7796-1-300x242.jpg 300w, https:\/\/corpsetsens.site\/wp-content\/uploads\/2024\/12\/D75_7796-1-768x618.jpg 768w, https:\/\/corpsetsens.site\/wp-content\/uploads\/2024\/12\/D75_7796-1-1536x1237.jpg 1536w, https:\/\/corpsetsens.site\/wp-content\/uploads\/2024\/12\/D75_7796-1-2048x1649.jpg 2048w\" sizes=\"auto, (max-width: 1024px) 100vw, 1024px\" \/><\/figure>\n<\/figure>\n\n\n\n<div style=\"height:50px\" aria-hidden=\"true\" class=\"wp-block-spacer\"><\/div>\n\n\n\n<p class=\"has-text-align-right has-nv-dark-bg-color has-text-color has-link-color wp-elements-fe3f7bc695091bf7bf7837c122dd513c\" style=\"font-size:27px\"><strong>30 mn = 30 \u20ac &nbsp;\/ 1h = 50 \u20ac&nbsp;\/ 1h30 = 75 \u20ac<\/strong><\/p>\n\n\n\n<div style=\"height:20px\" aria-hidden=\"true\" class=\"wp-block-spacer\"><\/div>\n\n\n\n<hr class=\"wp-block-separator has-text-color has-neve-link-color-color has-alpha-channel-opacity has-neve-link-color-background-color has-background is-style-default\"\/>\n\n\n\n<div style=\"height:20px\" aria-hidden=\"true\" class=\"wp-block-spacer\"><\/div>\n\n\n\n<h3 class=\"wp-block-heading has-text-align-center\">Massage \u00e0 4 mains<\/h3>\n\n\n\n<p class=\"has-medium-font-size\"><strong>Vous \u00eates invit\u00e9(e) \u00e0 vous laisser embarquer dans ce voyage au c\u0153ur de votre \u00eatre<\/strong>.<\/p>\n\n\n\n<div class=\"wp-block-columns is-layout-flex wp-container-core-columns-is-layout-9d6595d7 wp-block-columns-is-layout-flex\">\n<div class=\"wp-block-column is-vertically-aligned-bottom is-layout-flow wp-block-column-is-layout-flow\" style=\"flex-basis:40%\">\n<figure class=\"wp-block-image size-large has-custom-border\"><img loading=\"lazy\" decoding=\"async\" width=\"1024\" height=\"584\" src=\"http:\/\/corpsetsens.site\/wp-content\/uploads\/2024\/10\/D75_7741-1024x584.jpg\" alt=\"\" class=\"wp-image-300\" style=\"border-radius:10px\" srcset=\"https:\/\/corpsetsens.site\/wp-content\/uploads\/2024\/10\/D75_7741-1024x584.jpg 1024w, https:\/\/corpsetsens.site\/wp-content\/uploads\/2024\/10\/D75_7741-300x171.jpg 300w, https:\/\/corpsetsens.site\/wp-content\/uploads\/2024\/10\/D75_7741-768x438.jpg 768w, https:\/\/corpsetsens.site\/wp-content\/uploads\/2024\/10\/D75_7741-1536x875.jpg 1536w, https:\/\/corpsetsens.site\/wp-content\/uploads\/2024\/10\/D75_7741-2048x1167.jpg 2048w\" sizes=\"auto, (max-width: 1024px) 100vw, 1024px\" \/><\/figure>\n<\/div>\n\n\n\n<div class=\"wp-block-column is-layout-flow wp-block-column-is-layout-flow\" style=\"flex-basis:60%\">\n<div style=\"height:30px\" aria-hidden=\"true\" class=\"wp-block-spacer\"><\/div>\n\n\n\n<p>Ce massage permet de dissiper tout ce que vous ne souhaitez plus garder, en mettant du mouvement dans votre corps. Le mental ne peut plus contr\u00f4ler, ni suivre.<\/p>\n\n\n\n<p>Lisette et moi, nous nous accordons le temps d\u2019un massage pour que nos 4 mains vous assurent une profonde d\u00e9tente et un l\u00e2cher prise certain.<\/p>\n<\/div>\n<\/div>\n\n\n\n<p class=\"has-text-align-right has-nv-dark-bg-color has-text-color has-link-color wp-elements-1999b3f1d2db843d5e9af5dcbd5fd1b2\" style=\"font-size:27px\"><strong>1h = 100 \u20ac<\/strong><\/p>\n\n\n\n<div style=\"height:70px\" aria-hidden=\"true\" class=\"wp-block-spacer\"><\/div>\n","protected":false},"excerpt":{"rendered":"<p>Massages Ayurv\u00e9diques L&rsquo; Abhyanga : massage du corps \u00e0 l&rsquo;huile \u00ab\u00a0Abhyanga\u00a0\u00bb signifie en sanskrit \u00ab&nbsp;massage du corps \u00e0 l&rsquo;huile ti\u00e9die&nbsp;\u00bb Ce qu&rsquo;il faut bien comprendre en Ayurv\u00e9da, c&rsquo;est qu&rsquo;il existe une multitude de massages Abhyanga, qui peuvent parfois avoir des noms sp\u00e9cifiques ou pas. Nous choisissons ensemble, lors de votre prise de rendez-vous ou de&hellip;&nbsp;<a href=\"https:\/\/corpsetsens.site\/index.php\/massages-ayurvediques\/\" class=\"\" rel=\"bookmark\">Lire la suite &raquo;<span class=\"screen-reader-text\">Massages Ayurv\u00e9diques<\/span><\/a><\/p>\n","protected":false},"author":1,"featured_media":0,"parent":0,"menu_order":0,"comment_status":"closed","ping_status":"closed","template":"","meta":{"neve_meta_sidebar":"","neve_meta_container":"","neve_meta_enable_content_width":"on","neve_meta_content_width":100,"neve_meta_title_alignment":"","neve_meta_author_avatar":"","neve_post_elements_order":"","neve_meta_disable_header":"","neve_meta_disable_footer":"","neve_meta_disable_title":"on","footnotes":""},"class_list":["post-512","page","type-page","status-publish","hentry"],"_links":{"self":[{"href":"https:\/\/corpsetsens.site\/index.php\/wp-json\/wp\/v2\/pages\/512","targetHints":{"allow":["GET"]}}],"collection":[{"href":"https:\/\/corpsetsens.site\/index.php\/wp-json\/wp\/v2\/pages"}],"about":[{"href":"https:\/\/corpsetsens.site\/index.php\/wp-json\/wp\/v2\/types\/page"}],"author":[{"embeddable":true,"href":"https:\/\/corpsetsens.site\/index.php\/wp-json\/wp\/v2\/users\/1"}],"replies":[{"embeddable":true,"href":"https:\/\/corpsetsens.site\/index.php\/wp-json\/wp\/v2\/comments?post=512"}],"version-history":[{"count":116,"href":"https:\/\/corpsetsens.site\/index.php\/wp-json\/wp\/v2\/pages\/512\/revisions"}],"predecessor-version":[{"id":1381,"href":"https:\/\/corpsetsens.site\/index.php\/wp-json\/wp\/v2\/pages\/512\/revisions\/1381"}],"wp:attachment":[{"href":"https:\/\/corpsetsens.site\/index.php\/wp-json\/wp\/v2\/media?parent=512"}],"curies":[{"name":"wp","href":"https:\/\/api.w.org\/{rel}","templated":true}]}}