{"id":481,"date":"2024-12-18T22:56:01","date_gmt":"2024-12-18T21:56:01","guid":{"rendered":"http:\/\/corpsetsens.site\/?page_id=481"},"modified":"2024-12-23T19:41:24","modified_gmt":"2024-12-23T18:41:24","slug":"dans-votre-etablissement","status":"publish","type":"page","link":"https:\/\/corpsetsens.site\/index.php\/dans-votre-etablissement\/","title":{"rendered":"Dans votre \u00e9tablissement"},"content":{"rendered":"\n<div style=\"height:40px\" aria-hidden=\"true\" class=\"wp-block-spacer\"><\/div>\n\n\n\n<h2 class=\"wp-block-heading has-text-align-center has-neve-link-hover-color-color has-text-color has-link-color wp-elements-2bed63e43a35ad4cae62e63e3c508597\" style=\"font-size:45px\">Dans votre \u00e9tablissement<\/h2>\n\n\n\n<div style=\"height:20px\" aria-hidden=\"true\" class=\"wp-block-spacer\"><\/div>\n\n\n\n<h3 class=\"wp-block-heading has-text-align-center\"><strong>Le massage vient \u00e0 vous<\/strong>&#8230;<\/h3>\n\n\n\n<div style=\"height:20px\" aria-hidden=\"true\" class=\"wp-block-spacer\"><\/div>\n\n\n\n<div class=\"wp-block-columns is-layout-flex wp-container-core-columns-is-layout-9d6595d7 wp-block-columns-is-layout-flex\">\n<div class=\"wp-block-column is-layout-flow wp-block-column-is-layout-flow\" style=\"flex-basis:42%\">\n<p>Je me d\u00e9place au sein de votre \u00e9tablissement, dans votre entreprise et pour vos \u00e9v\u00e9nements afin d\u2019offrir \u00e0 vos clients, employ\u00e9s, invit\u00e9s un moment de d\u00e9tente personnalis\u00e9.<\/p>\n\n\n\n<figure class=\"wp-block-image size-large has-custom-border is-style-rounded\"><img loading=\"lazy\" decoding=\"async\" width=\"1024\" height=\"684\" src=\"http:\/\/corpsetsens.site\/wp-content\/uploads\/2024\/12\/D75_7598-1024x684.jpg\" alt=\"\" class=\"wp-image-485\" style=\"border-radius:10px\" srcset=\"https:\/\/corpsetsens.site\/wp-content\/uploads\/2024\/12\/D75_7598-1024x684.jpg 1024w, https:\/\/corpsetsens.site\/wp-content\/uploads\/2024\/12\/D75_7598-300x200.jpg 300w, https:\/\/corpsetsens.site\/wp-content\/uploads\/2024\/12\/D75_7598-768x513.jpg 768w\" sizes=\"auto, (max-width: 1024px) 100vw, 1024px\" \/><\/figure>\n<\/div>\n\n\n\n<div class=\"wp-block-column is-layout-flow wp-block-column-is-layout-flow\" style=\"flex-basis:5%\"><\/div>\n\n\n\n<div class=\"wp-block-column is-layout-flow wp-block-column-is-layout-flow\" style=\"flex-basis:42%\">\n<figure class=\"wp-block-image size-large has-custom-border is-style-rounded\"><img loading=\"lazy\" decoding=\"async\" width=\"1024\" height=\"574\" src=\"http:\/\/corpsetsens.site\/wp-content\/uploads\/2024\/12\/D75_8010-1024x574.jpg\" alt=\"\" class=\"wp-image-483\" style=\"border-radius:10px\" srcset=\"https:\/\/corpsetsens.site\/wp-content\/uploads\/2024\/12\/D75_8010-1024x574.jpg 1024w, https:\/\/corpsetsens.site\/wp-content\/uploads\/2024\/12\/D75_8010-300x168.jpg 300w, https:\/\/corpsetsens.site\/wp-content\/uploads\/2024\/12\/D75_8010-768x430.jpg 768w, https:\/\/corpsetsens.site\/wp-content\/uploads\/2024\/12\/D75_8010-1536x861.jpg 1536w, https:\/\/corpsetsens.site\/wp-content\/uploads\/2024\/12\/D75_8010-2048x1148.jpg 2048w\" sizes=\"auto, (max-width: 1024px) 100vw, 1024px\" \/><\/figure>\n\n\n\n<div style=\"height:20px\" aria-hidden=\"true\" class=\"wp-block-spacer\"><\/div>\n\n\n\n<p><strong>J\u2019aspire \u00e0 pouvoir \u00e9largir les lieux et diversifier les contextes (ex&nbsp;: maison de retraite, services de soins palliatifs, maternit\u00e9, bien-\u00eatre en entreprise, etc.).<\/strong><\/p>\n<\/div>\n<\/div>\n\n\n\n<div style=\"height:40px\" aria-hidden=\"true\" class=\"wp-block-spacer\"><\/div>\n\n\n\n<h3 class=\"wp-block-heading has-text-align-center\">&#8230; sur vos lieux de vacances<\/h3>\n\n\n\n<div style=\"height:20px\" aria-hidden=\"true\" class=\"wp-block-spacer\"><\/div>\n\n\n\n<div class=\"wp-block-columns is-layout-flex wp-container-core-columns-is-layout-9d6595d7 wp-block-columns-is-layout-flex\">\n<div class=\"wp-block-column is-layout-flow wp-block-column-is-layout-flow\" style=\"flex-basis:33%\">\n<figure class=\"wp-block-image size-medium has-custom-border\"><img loading=\"lazy\" decoding=\"async\" width=\"300\" height=\"300\" src=\"http:\/\/corpsetsens.site\/wp-content\/uploads\/2024\/12\/photo_2024-09-20_12-41-45-300x300.jpg\" alt=\"\" class=\"wp-image-324\" style=\"border-radius:10px\" srcset=\"https:\/\/corpsetsens.site\/wp-content\/uploads\/2024\/12\/photo_2024-09-20_12-41-45-300x300.jpg 300w, https:\/\/corpsetsens.site\/wp-content\/uploads\/2024\/12\/photo_2024-09-20_12-41-45-1024x1024.jpg 1024w, https:\/\/corpsetsens.site\/wp-content\/uploads\/2024\/12\/photo_2024-09-20_12-41-45-150x150.jpg 150w, https:\/\/corpsetsens.site\/wp-content\/uploads\/2024\/12\/photo_2024-09-20_12-41-45-768x768.jpg 768w, https:\/\/corpsetsens.site\/wp-content\/uploads\/2024\/12\/photo_2024-09-20_12-41-45.jpg 1080w\" sizes=\"auto, (max-width: 300px) 100vw, 300px\" \/><\/figure>\n<\/div>\n\n\n\n<div class=\"wp-block-column is-layout-flow wp-block-column-is-layout-flow\" style=\"flex-basis:33%\">\n<div style=\"height:40px\" aria-hidden=\"true\" class=\"wp-block-spacer\"><\/div>\n\n\n\n<p class=\"has-text-align-left\">L&rsquo;\u00e9t\u00e9, je me d\u00e9place au plus pr\u00e8s des personnes, ainsi je prodigue mes massages dans deux campings. <\/p>\n\n\n\n<p class=\"has-text-align-left\">J&rsquo;adapte mes formules afin que m\u00eame les plus timides b\u00e9n\u00e9ficient de l&rsquo;exp\u00e9rience du massage.<\/p>\n<\/div>\n\n\n\n<div class=\"wp-block-column is-layout-flow wp-block-column-is-layout-flow\" style=\"flex-basis:33%\">\n<figure class=\"wp-block-image size-medium is-resized has-custom-border\"><img loading=\"lazy\" decoding=\"async\" width=\"246\" height=\"300\" src=\"http:\/\/corpsetsens.site\/wp-content\/uploads\/2024\/10\/D75_7900-246x300.jpg\" alt=\"\" class=\"wp-image-302\" style=\"border-radius:10px;width:256px;height:auto\" srcset=\"https:\/\/corpsetsens.site\/wp-content\/uploads\/2024\/10\/D75_7900-246x300.jpg 246w, https:\/\/corpsetsens.site\/wp-content\/uploads\/2024\/10\/D75_7900-839x1024.jpg 839w, https:\/\/corpsetsens.site\/wp-content\/uploads\/2024\/10\/D75_7900-768x937.jpg 768w, https:\/\/corpsetsens.site\/wp-content\/uploads\/2024\/10\/D75_7900-1259x1536.jpg 1259w, https:\/\/corpsetsens.site\/wp-content\/uploads\/2024\/10\/D75_7900-1679x2048.jpg 1679w\" sizes=\"auto, (max-width: 246px) 100vw, 246px\" \/><\/figure>\n<\/div>\n<\/div>\n\n\n\n<div style=\"height:20px\" aria-hidden=\"true\" class=\"wp-block-spacer\"><\/div>\n\n\n\n<div class=\"wp-block-columns is-layout-flex wp-container-core-columns-is-layout-9d6595d7 wp-block-columns-is-layout-flex\">\n<div class=\"wp-block-column is-layout-flow wp-block-column-is-layout-flow\" style=\"flex-basis:10%\"><\/div>\n\n\n\n<div class=\"wp-block-column is-vertically-aligned-center is-layout-flow wp-block-column-is-layout-flow\" style=\"flex-basis:35%\">\n<h3 class=\"wp-block-heading has-text-align-center has-medium-font-size\">              <strong>      &#8230; en institut m\u00e9dico-social<\/strong><\/h3>\n<\/div>\n\n\n\n<div class=\"wp-block-column is-layout-flow wp-block-column-is-layout-flow\" style=\"flex-basis:55%\">\n<p>L&rsquo;hiver, je masse 1 fois par mois en foyer d&rsquo;h\u00e9bergement. Avec l&rsquo;animatrice, nous avons \u00e9labor\u00e9 une journ\u00e9e durant laquelle des personnes en situation de handicap viennent prendre un moment de d\u00e9tente&#8230; Mais pas seulement&#8230; Avec eux, nous travaillons sur la prise en compte de leur corps, sur la confiance en soi, la respiration et pour leur apprendre \u00e0 \u00eatre \u00e0 l&rsquo;\u00e9coute de leurs perceptions.<\/p>\n<\/div>\n<\/div>\n\n\n\n<div style=\"height:20px\" aria-hidden=\"true\" class=\"wp-block-spacer\"><\/div>\n\n\n\n<div class=\"wp-block-group\"><div class=\"wp-block-group__inner-container is-layout-constrained wp-block-group-is-layout-constrained\">\n<div class=\"wp-block-columns is-layout-flex wp-container-core-columns-is-layout-9d6595d7 wp-block-columns-is-layout-flex\">\n<div class=\"wp-block-column is-vertically-aligned-center has-border-color has-neve-link-color-border-color is-layout-flow wp-block-column-is-layout-flow\" style=\"border-width:2px;border-radius:50px;padding-top:var(--wp--preset--spacing--40);padding-right:0;padding-bottom:var(--wp--preset--spacing--40);padding-left:0;flex-basis:100%\">\n<h2 class=\"wp-block-heading has-text-align-center has-medium-font-size\">Vous \u00eates int\u00e9ress\u00e9(e) pour que je vienne dans votre \u00e9tablissement ?<\/h2>\n\n\n\n<p class=\"has-text-align-center has-medium-font-size\">Contactez-moi au 06 64 82 81 24 pour en discuter plus en d\u00e9tail.<\/p>\n\n\n\n<p class=\"has-text-align-center has-medium-font-size\">Nous trouverons une formule qui conviendra \u00e0 vos besoins.<\/p>\n<\/div>\n<\/div>\n<\/div><\/div>\n\n\n\n<div style=\"height:50px\" aria-hidden=\"true\" class=\"wp-block-spacer\"><\/div>\n","protected":false},"excerpt":{"rendered":"<p>Dans votre \u00e9tablissement Le massage vient \u00e0 vous&#8230; Je me d\u00e9place au sein de votre \u00e9tablissement, dans votre entreprise et pour vos \u00e9v\u00e9nements afin d\u2019offrir \u00e0 vos clients, employ\u00e9s, invit\u00e9s un moment de d\u00e9tente personnalis\u00e9. J\u2019aspire \u00e0 pouvoir \u00e9largir les lieux et diversifier les contextes (ex&nbsp;: maison de retraite, services de soins palliatifs, maternit\u00e9, bien-\u00eatre&hellip;&nbsp;<a href=\"https:\/\/corpsetsens.site\/index.php\/dans-votre-etablissement\/\" class=\"\" rel=\"bookmark\">Lire la suite &raquo;<span class=\"screen-reader-text\">Dans votre \u00e9tablissement<\/span><\/a><\/p>\n","protected":false},"author":1,"featured_media":0,"parent":0,"menu_order":0,"comment_status":"closed","ping_status":"closed","template":"","meta":{"neve_meta_sidebar":"","neve_meta_container":"","neve_meta_enable_content_width":"on","neve_meta_content_width":100,"neve_meta_title_alignment":"","neve_meta_author_avatar":"","neve_post_elements_order":"","neve_meta_disable_header":"","neve_meta_disable_footer":"","neve_meta_disable_title":"on","footnotes":""},"class_list":["post-481","page","type-page","status-publish","hentry"],"_links":{"self":[{"href":"https:\/\/corpsetsens.site\/index.php\/wp-json\/wp\/v2\/pages\/481","targetHints":{"allow":["GET"]}}],"collection":[{"href":"https:\/\/corpsetsens.site\/index.php\/wp-json\/wp\/v2\/pages"}],"about":[{"href":"https:\/\/corpsetsens.site\/index.php\/wp-json\/wp\/v2\/types\/page"}],"author":[{"embeddable":true,"href":"https:\/\/corpsetsens.site\/index.php\/wp-json\/wp\/v2\/users\/1"}],"replies":[{"embeddable":true,"href":"https:\/\/corpsetsens.site\/index.php\/wp-json\/wp\/v2\/comments?post=481"}],"version-history":[{"count":65,"href":"https:\/\/corpsetsens.site\/index.php\/wp-json\/wp\/v2\/pages\/481\/revisions"}],"predecessor-version":[{"id":1351,"href":"https:\/\/corpsetsens.site\/index.php\/wp-json\/wp\/v2\/pages\/481\/revisions\/1351"}],"wp:attachment":[{"href":"https:\/\/corpsetsens.site\/index.php\/wp-json\/wp\/v2\/media?parent=481"}],"curies":[{"name":"wp","href":"https:\/\/api.w.org\/{rel}","templated":true}]}}