{"id":405,"date":"2024-12-18T17:24:27","date_gmt":"2024-12-18T16:24:27","guid":{"rendered":"http:\/\/corpsetsens.site\/?page_id=405"},"modified":"2024-12-23T20:34:37","modified_gmt":"2024-12-23T19:34:37","slug":"soin-rebozo","status":"publish","type":"page","link":"https:\/\/corpsetsens.site\/index.php\/soin-rebozo\/","title":{"rendered":"Soin Rebozo"},"content":{"rendered":"\n<div style=\"height:40px\" aria-hidden=\"true\" class=\"wp-block-spacer\"><\/div>\n\n\n\n<h2 class=\"wp-block-heading has-text-align-center has-neve-link-hover-color-color has-text-color has-link-color wp-elements-c81350112d965ae0008987fe540affe7\" style=\"font-size:45px\">Soin Rebozo<\/h2>\n\n\n\n<div style=\"height:20px\" aria-hidden=\"true\" class=\"wp-block-spacer\"><\/div>\n\n\n\n<h3 class=\"wp-block-heading has-text-align-left\"><strong>Le Rebozo, un soin pour la femme<\/strong><\/h3>\n\n\n\n<div class=\"wp-block-media-text is-stacked-on-mobile is-vertically-aligned-top\" style=\"grid-template-columns:38% auto\"><figure class=\"wp-block-media-text__media\"><img loading=\"lazy\" decoding=\"async\" width=\"782\" height=\"1024\" src=\"http:\/\/corpsetsens.site\/wp-content\/uploads\/2024\/12\/photo_2024-12-09_11-02-45-782x1024.jpg\" alt=\"\" class=\"wp-image-337 size-full\" srcset=\"https:\/\/corpsetsens.site\/wp-content\/uploads\/2024\/12\/photo_2024-12-09_11-02-45-782x1024.jpg 782w, https:\/\/corpsetsens.site\/wp-content\/uploads\/2024\/12\/photo_2024-12-09_11-02-45-229x300.jpg 229w, https:\/\/corpsetsens.site\/wp-content\/uploads\/2024\/12\/photo_2024-12-09_11-02-45-768x1005.jpg 768w, https:\/\/corpsetsens.site\/wp-content\/uploads\/2024\/12\/photo_2024-12-09_11-02-45.jpg 978w\" sizes=\"auto, (max-width: 782px) 100vw, 782px\" \/><\/figure><div class=\"wp-block-media-text__content\">\n<p style=\"padding-right:0;padding-left:0\">Le Rebozo est un soin de gu\u00e9rison ancestral de tradition Mexicaine, fait par des femmes, pour les femmes.<\/p>\n\n\n\n<p>Le Rebozo a pour coutume de se r\u00e9aliser apr\u00e8s un accouchement. Il permet \u00e0 la femme de retrouver, entre autre, son \u00e9nergie vitale et physique. Pour autant Le Rebozo est adress\u00e9 \u00e0 toutes les femmes ayant v\u00e9cues une \u00e9preuve, un tournant, une \u00e9tape dans leur vie qui induit un changement, le passage d&rsquo;un \u00e9tat vers un autre, tel que la m\u00e9nopause, un avortement, un deuil.<\/p>\n\n\n\n<p>Le Rebozo, que j&rsquo;ai tendance \u00e0 appeler le soin rituel, \u00e0 la puissance de nous permettre de l\u00e2cher de l&rsquo;ancien, laisser partir ce qui est mort, ce qui n&rsquo;a plus lieu d&rsquo;\u00eatre pour faire de la place, s&rsquo;ouvrir \u00e0 du nouveau dans notre vie. Tel un rituel, il y a un avant Rebozo et un apr\u00e8s, qui sera \u00e0 la hauteur de l&rsquo;intention avec lequel on arrive en soin et la pr\u00e9paration que l&rsquo;on aura d\u00e9di\u00e9 \u00e0 ce moment.&nbsp;<\/p>\n\n\n\n<p style=\"padding-right:0;padding-left:0\">Le Rebozo peut se r\u00e9aliser en solo avec la praticienne ou en tribus avec les femmes de votre vie. Parfois le b\u00e9b\u00e9 est m\u00eame pr\u00e9sent.<\/p>\n<\/div><\/div>\n\n\n\n<div style=\"height:40px\" aria-hidden=\"true\" class=\"wp-block-spacer\"><\/div>\n\n\n\n<hr class=\"wp-block-separator has-text-color has-neve-link-color-color has-alpha-channel-opacity has-neve-link-color-background-color has-background is-style-default\"\/>\n\n\n\n<h3 class=\"wp-block-heading has-text-align-center\"><strong>Le Rebozo se d\u00e9roule en 3 temps forts&nbsp;<\/strong><\/h3>\n\n\n\n<div class=\"wp-block-columns is-layout-flex wp-container-core-columns-is-layout-9d6595d7 wp-block-columns-is-layout-flex\">\n<div class=\"wp-block-column is-layout-flow wp-block-column-is-layout-flow\" style=\"flex-basis:35%\">\n<figure class=\"wp-block-image size-medium is-resized has-custom-border\"><img loading=\"lazy\" decoding=\"async\" width=\"300\" height=\"225\" src=\"http:\/\/corpsetsens.site\/wp-content\/uploads\/2024\/12\/DSC03419-300x225.jpg\" alt=\"\" class=\"wp-image-339\" style=\"border-radius:10px;width:350px\" srcset=\"https:\/\/corpsetsens.site\/wp-content\/uploads\/2024\/12\/DSC03419-300x225.jpg 300w, https:\/\/corpsetsens.site\/wp-content\/uploads\/2024\/12\/DSC03419-1024x768.jpg 1024w, https:\/\/corpsetsens.site\/wp-content\/uploads\/2024\/12\/DSC03419-768x576.jpg 768w, https:\/\/corpsetsens.site\/wp-content\/uploads\/2024\/12\/DSC03419-1536x1152.jpg 1536w, https:\/\/corpsetsens.site\/wp-content\/uploads\/2024\/12\/DSC03419-2048x1536.jpg 2048w\" sizes=\"auto, (max-width: 300px) 100vw, 300px\" \/><\/figure>\n\n\n\n<div style=\"height:20px\" aria-hidden=\"true\" class=\"wp-block-spacer\"><\/div>\n\n\n\n<figure class=\"wp-block-image size-medium is-resized has-custom-border\"><img loading=\"lazy\" decoding=\"async\" width=\"300\" height=\"225\" src=\"http:\/\/corpsetsens.site\/wp-content\/uploads\/2024\/12\/photo_2024-12-09_11-02-51-300x225.jpg\" alt=\"\" class=\"wp-image-321\" style=\"border-radius:10px;width:350px\" srcset=\"https:\/\/corpsetsens.site\/wp-content\/uploads\/2024\/12\/photo_2024-12-09_11-02-51-300x225.jpg 300w, https:\/\/corpsetsens.site\/wp-content\/uploads\/2024\/12\/photo_2024-12-09_11-02-51-1024x769.jpg 1024w, https:\/\/corpsetsens.site\/wp-content\/uploads\/2024\/12\/photo_2024-12-09_11-02-51-768x577.jpg 768w, https:\/\/corpsetsens.site\/wp-content\/uploads\/2024\/12\/photo_2024-12-09_11-02-51.jpg 1280w\" sizes=\"auto, (max-width: 300px) 100vw, 300px\" \/><\/figure>\n<\/div>\n\n\n\n<div class=\"wp-block-column is-layout-flow wp-block-column-is-layout-flow\" style=\"flex-basis:30%\">\n<p>Ce moment est g\u00e9n\u00e9ralement suivi d&rsquo;un moment de sudation sous des couvertures.<\/p>\n\n\n\n<ul class=\"wp-block-list\">\n<li>un massage \u00e0 4 mains d&rsquo;environ 1h<\/li>\n\n\n\n<li>un temps de bain chaud ou de hammam, accompagn\u00e9 d&rsquo;herbes fraiches<\/li>\n\n\n\n<li>du resserrage en 7 points du corps avec l&rsquo;\u00e9charpe traditionnelle Rebozo&nbsp;: la t\u00eate, les \u00e9paules, le ventre, le bassin, les cuisses, les genoux et les pieds<\/li>\n<\/ul>\n\n\n\n<p style=\"padding-right:0;padding-left:0\">Une tisane est servie tout au long du soin, pour aider le corps \u00e0 monter en temp\u00e9rature.<\/p>\n<\/div>\n\n\n\n<div class=\"wp-block-column is-layout-flow wp-block-column-is-layout-flow\" style=\"flex-basis:35%\">\n<figure class=\"wp-block-image size-medium is-resized has-custom-border\"><img loading=\"lazy\" decoding=\"async\" width=\"285\" height=\"300\" src=\"http:\/\/corpsetsens.site\/wp-content\/uploads\/2024\/10\/D75_7721-285x300.jpg\" alt=\"\" class=\"wp-image-299\" style=\"border-radius:10px;width:300px\" srcset=\"https:\/\/corpsetsens.site\/wp-content\/uploads\/2024\/10\/D75_7721-285x300.jpg 285w, https:\/\/corpsetsens.site\/wp-content\/uploads\/2024\/10\/D75_7721-972x1024.jpg 972w, https:\/\/corpsetsens.site\/wp-content\/uploads\/2024\/10\/D75_7721-768x809.jpg 768w, https:\/\/corpsetsens.site\/wp-content\/uploads\/2024\/10\/D75_7721-1457x1536.jpg 1457w, https:\/\/corpsetsens.site\/wp-content\/uploads\/2024\/10\/D75_7721-1943x2048.jpg 1943w\" sizes=\"auto, (max-width: 285px) 100vw, 285px\" \/><\/figure>\n\n\n\n<div style=\"height:10px\" aria-hidden=\"true\" class=\"wp-block-spacer\"><\/div>\n\n\n\n<figure class=\"wp-block-image size-medium is-resized has-custom-border\"><img loading=\"lazy\" decoding=\"async\" width=\"300\" height=\"225\" src=\"http:\/\/corpsetsens.site\/wp-content\/uploads\/2024\/12\/DSC03436-300x225.jpg\" alt=\"\" class=\"wp-image-341\" style=\"border-radius:10px;width:300px\" srcset=\"https:\/\/corpsetsens.site\/wp-content\/uploads\/2024\/12\/DSC03436-300x225.jpg 300w, https:\/\/corpsetsens.site\/wp-content\/uploads\/2024\/12\/DSC03436-1024x768.jpg 1024w, https:\/\/corpsetsens.site\/wp-content\/uploads\/2024\/12\/DSC03436-768x576.jpg 768w, https:\/\/corpsetsens.site\/wp-content\/uploads\/2024\/12\/DSC03436-1536x1152.jpg 1536w, https:\/\/corpsetsens.site\/wp-content\/uploads\/2024\/12\/DSC03436-2048x1536.jpg 2048w\" sizes=\"auto, (max-width: 300px) 100vw, 300px\" \/><\/figure>\n<\/div>\n<\/div>\n\n\n\n<div style=\"height:20px\" aria-hidden=\"true\" class=\"wp-block-spacer\"><\/div>\n\n\n\n<hr class=\"wp-block-separator has-text-color has-neve-link-color-color has-alpha-channel-opacity has-neve-link-color-background-color has-background\"\/>\n\n\n\n<h3 class=\"wp-block-heading has-text-align-center\"> Toutes les modalit\u00e9s sont vues ensemble pour co-cr\u00e9er ce moment<\/h3>\n\n\n\n<div class=\"wp-block-columns is-layout-flex wp-container-core-columns-is-layout-9d6595d7 wp-block-columns-is-layout-flex\">\n<div class=\"wp-block-column has-border-color has-neve-link-color-border-color is-layout-flow wp-block-column-is-layout-flow\" style=\"border-width:2px;border-radius:50px;padding-top:var(--wp--preset--spacing--40);padding-right:var(--wp--preset--spacing--40);padding-bottom:var(--wp--preset--spacing--40);padding-left:var(--wp--preset--spacing--40)\">\n<p class=\"has-text-align-center\">Le Rebozo est un soin qui demande une pr\u00e9paration en amont de la part de la femme qui entre en Rebozo.<\/p>\n\n\n\n<p class=\"has-text-align-center\">Je prends le temps d&rsquo;un \u00e9change pour cerner votre intention de soin puis nous \u00e9laborons ensemble ce moment pr\u00e9cieux.<\/p>\n<\/div>\n\n\n\n<div class=\"wp-block-column has-border-color is-layout-flow wp-block-column-is-layout-flow\" style=\"border-color:var(--nv-primary-accent);border-width:2px;border-radius:50px;padding-top:var(--wp--preset--spacing--40);padding-right:var(--wp--preset--spacing--40);padding-bottom:var(--wp--preset--spacing--40);padding-left:var(--wp--preset--spacing--40)\">\n<p class=\"has-text-align-center\">Ce soin peut se r\u00e9aliser au Hammam de Montbrun-Bocage, o\u00f9 j\u2019effectue la plupart de mes soins.<\/p>\n\n\n\n<p class=\"has-text-align-center\">Je peux me d\u00e9placer \u00e0 votre domicile ou dans un lieu de votre choix qui r\u00e9pond davantage \u00e0 vos besoins.&nbsp;<\/p>\n<\/div>\n\n\n\n<div class=\"wp-block-column has-border-color is-layout-flow wp-block-column-is-layout-flow\" style=\"border-color:var(--nv-primary-accent);border-width:2px;border-radius:50px;padding-top:var(--wp--preset--spacing--40);padding-right:var(--wp--preset--spacing--40);padding-bottom:var(--wp--preset--spacing--40);padding-left:var(--wp--preset--spacing--40)\">\n<p class=\"has-text-align-center\" style=\"letter-spacing:0.1px\">Le prix du Rebozo est entre 120 \u20ac et 160 \u20ac.<\/p>\n\n\n\n<p class=\"has-text-align-center\">Le soin Rebozo dure entre 3 et 5 heures, parfois plus.&nbsp;<\/p>\n\n\n\n<p class=\"has-text-align-center\" style=\"letter-spacing:0.1px\">Contactez moi au 06 64 82 81 24<\/p>\n<\/div>\n<\/div>\n\n\n\n<div style=\"height:15px\" aria-hidden=\"true\" class=\"wp-block-spacer\"><\/div>\n\n\n\n<div class=\"wp-block-columns is-layout-flex wp-container-core-columns-is-layout-9d6595d7 wp-block-columns-is-layout-flex\">\n<div class=\"wp-block-column is-layout-flow wp-block-column-is-layout-flow\">\n<figure class=\"wp-block-image size-large has-custom-border\"><img loading=\"lazy\" decoding=\"async\" width=\"1024\" height=\"768\" src=\"http:\/\/corpsetsens.site\/wp-content\/uploads\/2024\/12\/DSC03457-1024x768.jpg\" alt=\"\" class=\"wp-image-345\" style=\"border-radius:10px\" srcset=\"https:\/\/corpsetsens.site\/wp-content\/uploads\/2024\/12\/DSC03457-1024x768.jpg 1024w, https:\/\/corpsetsens.site\/wp-content\/uploads\/2024\/12\/DSC03457-300x225.jpg 300w, https:\/\/corpsetsens.site\/wp-content\/uploads\/2024\/12\/DSC03457-768x576.jpg 768w, https:\/\/corpsetsens.site\/wp-content\/uploads\/2024\/12\/DSC03457-1536x1152.jpg 1536w, https:\/\/corpsetsens.site\/wp-content\/uploads\/2024\/12\/DSC03457-2048x1536.jpg 2048w\" sizes=\"auto, (max-width: 1024px) 100vw, 1024px\" \/><\/figure>\n<\/div>\n\n\n\n<div class=\"wp-block-column is-layout-flow wp-block-column-is-layout-flow\">\n<figure class=\"wp-block-image size-large has-custom-border\"><img loading=\"lazy\" decoding=\"async\" width=\"1024\" height=\"769\" src=\"http:\/\/corpsetsens.site\/wp-content\/uploads\/2024\/12\/photo_2024-12-09_11-02-58-1024x769.jpg\" alt=\"\" class=\"wp-image-322\" style=\"border-radius:10px\" srcset=\"https:\/\/corpsetsens.site\/wp-content\/uploads\/2024\/12\/photo_2024-12-09_11-02-58-1024x769.jpg 1024w, https:\/\/corpsetsens.site\/wp-content\/uploads\/2024\/12\/photo_2024-12-09_11-02-58-300x225.jpg 300w, https:\/\/corpsetsens.site\/wp-content\/uploads\/2024\/12\/photo_2024-12-09_11-02-58-768x577.jpg 768w, https:\/\/corpsetsens.site\/wp-content\/uploads\/2024\/12\/photo_2024-12-09_11-02-58.jpg 1280w\" sizes=\"auto, (max-width: 1024px) 100vw, 1024px\" \/><\/figure>\n<\/div>\n<\/div>\n\n\n\n<div style=\"height:50px\" aria-hidden=\"true\" class=\"wp-block-spacer\"><\/div>\n","protected":false},"excerpt":{"rendered":"<p>Soin Rebozo Le Rebozo, un soin pour la femme Le Rebozo est un soin de gu\u00e9rison ancestral de tradition Mexicaine, fait par des femmes, pour les femmes. Le Rebozo a pour coutume de se r\u00e9aliser apr\u00e8s un accouchement. Il permet \u00e0 la femme de retrouver, entre autre, son \u00e9nergie vitale et physique. Pour autant Le&hellip;&nbsp;<a href=\"https:\/\/corpsetsens.site\/index.php\/soin-rebozo\/\" class=\"\" rel=\"bookmark\">Lire la suite &raquo;<span class=\"screen-reader-text\">Soin Rebozo<\/span><\/a><\/p>\n","protected":false},"author":1,"featured_media":0,"parent":0,"menu_order":0,"comment_status":"closed","ping_status":"closed","template":"","meta":{"neve_meta_sidebar":"","neve_meta_container":"","neve_meta_enable_content_width":"on","neve_meta_content_width":100,"neve_meta_title_alignment":"","neve_meta_author_avatar":"","neve_post_elements_order":"","neve_meta_disable_header":"","neve_meta_disable_footer":"","neve_meta_disable_title":"on","footnotes":""},"class_list":["post-405","page","type-page","status-publish","hentry"],"_links":{"self":[{"href":"https:\/\/corpsetsens.site\/index.php\/wp-json\/wp\/v2\/pages\/405","targetHints":{"allow":["GET"]}}],"collection":[{"href":"https:\/\/corpsetsens.site\/index.php\/wp-json\/wp\/v2\/pages"}],"about":[{"href":"https:\/\/corpsetsens.site\/index.php\/wp-json\/wp\/v2\/types\/page"}],"author":[{"embeddable":true,"href":"https:\/\/corpsetsens.site\/index.php\/wp-json\/wp\/v2\/users\/1"}],"replies":[{"embeddable":true,"href":"https:\/\/corpsetsens.site\/index.php\/wp-json\/wp\/v2\/comments?post=405"}],"version-history":[{"count":36,"href":"https:\/\/corpsetsens.site\/index.php\/wp-json\/wp\/v2\/pages\/405\/revisions"}],"predecessor-version":[{"id":1374,"href":"https:\/\/corpsetsens.site\/index.php\/wp-json\/wp\/v2\/pages\/405\/revisions\/1374"}],"wp:attachment":[{"href":"https:\/\/corpsetsens.site\/index.php\/wp-json\/wp\/v2\/media?parent=405"}],"curies":[{"name":"wp","href":"https:\/\/api.w.org\/{rel}","templated":true}]}}