{"id":366,"date":"2024-12-18T13:21:40","date_gmt":"2024-12-18T12:21:40","guid":{"rendered":"http:\/\/corpsetsens.site\/?page_id=366"},"modified":"2024-12-23T20:35:40","modified_gmt":"2024-12-23T19:35:40","slug":"massages-et-soins-ayurvediques","status":"publish","type":"page","link":"https:\/\/corpsetsens.site\/index.php\/massages-et-soins-ayurvediques\/","title":{"rendered":"Massages et soins Ayurv\u00e9diques"},"content":{"rendered":"\n<div style=\"height:40px\" aria-hidden=\"true\" class=\"wp-block-spacer\"><\/div>\n\n\n\n<h2 class=\"wp-block-heading has-text-align-center has-neve-link-hover-color-color has-text-color has-link-color wp-elements-d53aa0abb2309bbe5eca539747cac1f0\" style=\"font-size:45px\">Massages et soins Ayurv\u00e9diques<\/h2>\n\n\n\n<div style=\"height:20px\" aria-hidden=\"true\" class=\"wp-block-spacer\"><\/div>\n\n\n\n<p class=\"has-medium-font-size\" style=\"border-style:none;border-width:0px;border-radius:22px;padding-top:0;padding-right:0;padding-bottom:0;padding-left:0\">Les massages et soins ayurv\u00e9diques se font \u00e0 l&rsquo;huile chaude. Ils harmonisent le corps et l&rsquo;esprit. Comme le pr\u00e9conise l&rsquo;Ayurv\u00e9da, j&rsquo;adapte chaque protocole en fonction de la singularit\u00e9 de chacun.<\/p>\n\n\n\n<p class=\"has-medium-font-size\" style=\"border-style:none;border-width:0px;border-radius:22px;padding-top:0;padding-right:0;padding-bottom:0;padding-left:0\">Je prends \u00e9galement en compte le d\u00e9s\u00e9quilibre du moment comme des douleurs physiques, des troubles du sommeil, du stress&#8230;<\/p>\n\n\n\n<div style=\"height:20px\" aria-hidden=\"true\" class=\"wp-block-spacer\"><\/div>\n\n\n\n<div class=\"wp-block-columns are-vertically-aligned-center is-layout-flex wp-container-core-columns-is-layout-9d6595d7 wp-block-columns-is-layout-flex\">\n<div class=\"wp-block-column is-vertically-aligned-center is-layout-flow wp-block-column-is-layout-flow\">\n<div class=\"wp-block-buttons is-content-justification-center is-layout-flex wp-container-core-buttons-is-layout-16018d1d wp-block-buttons-is-layout-flex\">\n<div class=\"wp-block-button has-custom-width wp-block-button__width-75\"><a class=\"wp-block-button__link has-neve-text-color-color has-neve-link-color-background-color has-text-color has-background has-link-color wp-element-button\" href=\"http:\/\/corpsetsens.site\/index.php\/massages-ayurvediques\/\" style=\"border-radius:30px\" target=\"_blank\" rel=\"noreferrer noopener\">Massages Ayurv\u00e9diques<\/a><\/div>\n<\/div>\n<\/div>\n\n\n\n<div class=\"wp-block-column is-vertically-aligned-center is-layout-flow wp-block-column-is-layout-flow\">\n<div class=\"wp-block-buttons is-content-justification-center is-layout-flex wp-container-core-buttons-is-layout-16018d1d wp-block-buttons-is-layout-flex\">\n<div class=\"wp-block-button has-custom-width wp-block-button__width-75\"><a class=\"wp-block-button__link has-neve-text-color-color has-neve-link-color-background-color has-text-color has-background has-link-color wp-element-button\" href=\"http:\/\/corpsetsens.site\/index.php\/soins-ayurvediques\/\" style=\"border-radius:30px\" target=\"_blank\" rel=\"noreferrer noopener\">Soins Ayurv\u00e9diques<\/a><\/div>\n<\/div>\n<\/div>\n\n\n\n<div class=\"wp-block-column is-vertically-aligned-center is-layout-flow wp-block-column-is-layout-flow\">\n<div class=\"wp-block-buttons is-content-justification-center is-layout-flex wp-container-core-buttons-is-layout-16018d1d wp-block-buttons-is-layout-flex\">\n<div class=\"wp-block-button has-custom-width wp-block-button__width-75\"><a class=\"wp-block-button__link has-neve-text-color-color has-neve-link-color-background-color has-text-color has-background has-link-color wp-element-button\" href=\"http:\/\/corpsetsens.site\/index.php\/a-propos\/\" style=\"border-radius:30px\" target=\"_blank\" rel=\"noreferrer noopener\">L&rsquo;Ayurv\u00e9da&#8230; aller plus loin<\/a><\/div>\n<\/div>\n<\/div>\n<\/div>\n\n\n\n<div style=\"height:20px\" aria-hidden=\"true\" class=\"wp-block-spacer\"><\/div>\n\n\n\n<div class=\"wp-block-columns is-layout-flex wp-container-core-columns-is-layout-9d6595d7 wp-block-columns-is-layout-flex\">\n<div class=\"wp-block-column is-layout-flow wp-block-column-is-layout-flow\" style=\"flex-basis:35%\">\n<figure class=\"wp-block-image size-large has-custom-border\"><img loading=\"lazy\" decoding=\"async\" width=\"684\" height=\"1024\" src=\"http:\/\/corpsetsens.site\/wp-content\/uploads\/2024\/12\/D75_7604_2-684x1024.jpg\" alt=\"\" class=\"wp-image-484\" style=\"border-radius:10px\" srcset=\"https:\/\/corpsetsens.site\/wp-content\/uploads\/2024\/12\/D75_7604_2-684x1024.jpg 684w, https:\/\/corpsetsens.site\/wp-content\/uploads\/2024\/12\/D75_7604_2-200x300.jpg 200w, https:\/\/corpsetsens.site\/wp-content\/uploads\/2024\/12\/D75_7604_2-768x1150.jpg 768w, https:\/\/corpsetsens.site\/wp-content\/uploads\/2024\/12\/D75_7604_2-1025x1536.jpg 1025w, https:\/\/corpsetsens.site\/wp-content\/uploads\/2024\/12\/D75_7604_2-1367x2048.jpg 1367w, https:\/\/corpsetsens.site\/wp-content\/uploads\/2024\/12\/D75_7604_2-scaled.jpg 1709w\" sizes=\"auto, (max-width: 684px) 100vw, 684px\" \/><\/figure>\n<\/div>\n\n\n\n<div class=\"wp-block-column is-layout-flow wp-block-column-is-layout-flow\" style=\"flex-basis:30%\">\n<div style=\"height:30px\" aria-hidden=\"true\" class=\"wp-block-spacer\"><\/div>\n\n\n\n<p class=\"has-text-align-center\" style=\"padding-top:0;padding-right:0;padding-bottom:0;padding-left:0\">Le hammam est tenu par Lisette qui est praticienne en massages ayurv\u00e9diques depuis 25 ans. <\/p>\n\n\n\n<p class=\"has-text-align-center\" style=\"padding-right:0;padding-left:0\">C&rsquo;est aussi l&rsquo;une de mes transmettrices.<\/p>\n\n\n\n<p class=\"has-text-align-center\"><strong>Venez vous faire masser en solo, en duo et m\u00eame en trio<\/strong><\/p>\n\n\n\n<div style=\"height:50px\" aria-hidden=\"true\" class=\"wp-block-spacer\"><\/div>\n\n\n\n<p class=\"has-text-align-center\" style=\"letter-spacing:0px\">Pour plus d&rsquo;informations sur le hammam associatif : <a href=\"https:\/\/hammamdubocage.fr\/\" target=\"_blank\" rel=\"noreferrer noopener\">hammamdubocage.fr<\/a> <\/p>\n\n\n\n<p class=\"has-text-align-center\" style=\"letter-spacing:0px\">Contact : Lisette au 05 61 90 05 53<\/p>\n<\/div>\n\n\n\n<div class=\"wp-block-column is-layout-flow wp-block-column-is-layout-flow\" style=\"flex-basis:40%\">\n<figure class=\"wp-block-image size-large has-custom-border\"><img loading=\"lazy\" decoding=\"async\" width=\"1024\" height=\"684\" src=\"http:\/\/corpsetsens.site\/wp-content\/uploads\/2024\/12\/D75_7636-1024x684.jpg\" alt=\"\" class=\"wp-image-335\" style=\"border-radius:10px\" srcset=\"https:\/\/corpsetsens.site\/wp-content\/uploads\/2024\/12\/D75_7636-1024x684.jpg 1024w, https:\/\/corpsetsens.site\/wp-content\/uploads\/2024\/12\/D75_7636-300x200.jpg 300w, https:\/\/corpsetsens.site\/wp-content\/uploads\/2024\/12\/D75_7636-768x513.jpg 768w, https:\/\/corpsetsens.site\/wp-content\/uploads\/2024\/12\/D75_7636-1536x1025.jpg 1536w, https:\/\/corpsetsens.site\/wp-content\/uploads\/2024\/12\/D75_7636-2048x1367.jpg 2048w, https:\/\/corpsetsens.site\/wp-content\/uploads\/2024\/12\/D75_7636-930x620.jpg 930w\" sizes=\"auto, (max-width: 1024px) 100vw, 1024px\" \/><\/figure>\n\n\n\n<div style=\"height:20px\" aria-hidden=\"true\" class=\"wp-block-spacer\"><\/div>\n\n\n\n<figure class=\"wp-block-image size-large has-custom-border\"><img loading=\"lazy\" decoding=\"async\" width=\"1024\" height=\"683\" src=\"http:\/\/corpsetsens.site\/wp-content\/uploads\/2024\/01\/hammam-1024x683.jpg\" alt=\"\" class=\"wp-image-237\" style=\"border-radius:10px\" srcset=\"https:\/\/corpsetsens.site\/wp-content\/uploads\/2024\/01\/hammam-1024x683.jpg 1024w, https:\/\/corpsetsens.site\/wp-content\/uploads\/2024\/01\/hammam-300x200.jpg 300w, https:\/\/corpsetsens.site\/wp-content\/uploads\/2024\/01\/hammam-768x512.jpg 768w, https:\/\/corpsetsens.site\/wp-content\/uploads\/2024\/01\/hammam-1536x1024.jpg 1536w, https:\/\/corpsetsens.site\/wp-content\/uploads\/2024\/01\/hammam-2048x1365.jpg 2048w, https:\/\/corpsetsens.site\/wp-content\/uploads\/2024\/01\/hammam-930x620.jpg 930w\" sizes=\"auto, (max-width: 1024px) 100vw, 1024px\" \/><\/figure>\n<\/div>\n<\/div>\n\n\n\n<div style=\"height:20px\" aria-hidden=\"true\" class=\"wp-block-spacer\"><\/div>\n\n\n\n<div class=\"wp-block-columns is-layout-flex wp-container-core-columns-is-layout-9d6595d7 wp-block-columns-is-layout-flex\">\n<div class=\"wp-block-column is-layout-flow wp-block-column-is-layout-flow\">\n<div class=\"wp-block-cover aligncenter is-light\" style=\"padding-top:0;padding-right:0;padding-bottom:0;padding-left:0\"><span aria-hidden=\"true\" class=\"wp-block-cover__background has-background-dim-40 has-background-dim\" style=\"background-color:#847c59\"><\/span><img loading=\"lazy\" decoding=\"async\" width=\"1024\" height=\"962\" class=\"wp-block-cover__image-background wp-image-331\" alt=\"\" src=\"http:\/\/corpsetsens.site\/wp-content\/uploads\/2024\/12\/D75_7928-1024x962.jpg\" data-object-fit=\"cover\" srcset=\"https:\/\/corpsetsens.site\/wp-content\/uploads\/2024\/12\/D75_7928-1024x962.jpg 1024w, https:\/\/corpsetsens.site\/wp-content\/uploads\/2024\/12\/D75_7928-300x282.jpg 300w, https:\/\/corpsetsens.site\/wp-content\/uploads\/2024\/12\/D75_7928-768x721.jpg 768w, https:\/\/corpsetsens.site\/wp-content\/uploads\/2024\/12\/D75_7928-1536x1443.jpg 1536w, https:\/\/corpsetsens.site\/wp-content\/uploads\/2024\/12\/D75_7928-2048x1924.jpg 2048w\" sizes=\"auto, (max-width: 1024px) 100vw, 1024px\" \/><div class=\"wp-block-cover__inner-container is-layout-flow wp-block-cover-is-layout-flow\">\n<p class=\"has-text-align-center has-nv-site-bg-color has-text-color has-link-color wp-elements-b848225668a27fc03eff8573685f0cfa\" style=\"padding-right:var(--wp--preset--spacing--60);padding-left:var(--wp--preset--spacing--60);font-size:30px\">Massage \u00e0 domicile, dans le jardin quand la saison s&rsquo;y pr\u00eate<\/p>\n<\/div><\/div>\n<\/div>\n\n\n\n<div class=\"wp-block-column is-layout-flow wp-block-column-is-layout-flow\">\n<div class=\"wp-block-cover has-nv-site-bg-color has-text-color has-link-color wp-elements-ed14ebbde1bc325759c1d0935556c67a\"><span aria-hidden=\"true\" class=\"wp-block-cover__background has-background-dim-40 has-background-dim\" style=\"background-color:#847c59\"><\/span><img loading=\"lazy\" decoding=\"async\" width=\"2560\" height=\"1911\" class=\"wp-block-cover__image-background wp-image-285\" alt=\"\" src=\"http:\/\/corpsetsens.site\/wp-content\/uploads\/2024\/10\/D75_7482-scaled.jpg\" data-object-fit=\"cover\" srcset=\"https:\/\/corpsetsens.site\/wp-content\/uploads\/2024\/10\/D75_7482-scaled.jpg 2560w, https:\/\/corpsetsens.site\/wp-content\/uploads\/2024\/10\/D75_7482-300x224.jpg 300w, https:\/\/corpsetsens.site\/wp-content\/uploads\/2024\/10\/D75_7482-1024x764.jpg 1024w, https:\/\/corpsetsens.site\/wp-content\/uploads\/2024\/10\/D75_7482-768x573.jpg 768w, https:\/\/corpsetsens.site\/wp-content\/uploads\/2024\/10\/D75_7482-1536x1147.jpg 1536w, https:\/\/corpsetsens.site\/wp-content\/uploads\/2024\/10\/D75_7482-2048x1529.jpg 2048w\" sizes=\"auto, (max-width: 2560px) 100vw, 2560px\" \/><div class=\"wp-block-cover__inner-container is-layout-constrained wp-block-cover-is-layout-constrained\">\n<p class=\"has-text-align-center\" style=\"font-size:30px\">Pour tous les instants o\u00f9 vous souhaitez faire plaisir,<\/p>\n\n\n\n<p class=\"has-text-align-center has-neve-link-color-color has-text-color has-link-color wp-elements-be59dac129bdd67c1df8f79574a737e0\" style=\"font-size:30px\"><a href=\"http:\/\/corpsetsens.site\/index.php\/contact\/\" target=\"_blank\" rel=\"noreferrer noopener\">offrez un massage<\/a><\/p>\n\n\n\n<p class=\"has-text-align-center has-nv-site-bg-color has-text-color has-link-color wp-elements-67aa74e06cb13cef0df6362bf401d6e3\" style=\"font-size:19px\">F\u00eate des m\u00e8res,&nbsp;No\u00ebl, anniversaires, cadeau d&rsquo;entreprise, enterrement vie de jeune fille ou jeune homme,&nbsp;moment parent-enfant, d\u00e9tente en couple, Saint Valentin\u2026<\/p>\n<\/div><\/div>\n<\/div>\n<\/div>\n\n\n\n<div style=\"height:50px\" aria-hidden=\"true\" class=\"wp-block-spacer\"><\/div>\n","protected":false},"excerpt":{"rendered":"<p>Massages et soins Ayurv\u00e9diques Les massages et soins ayurv\u00e9diques se font \u00e0 l&rsquo;huile chaude. Ils harmonisent le corps et l&rsquo;esprit. Comme le pr\u00e9conise l&rsquo;Ayurv\u00e9da, j&rsquo;adapte chaque protocole en fonction de la singularit\u00e9 de chacun. Je prends \u00e9galement en compte le d\u00e9s\u00e9quilibre du moment comme des douleurs physiques, des troubles du sommeil, du stress&#8230; Le hammam&hellip;&nbsp;<a href=\"https:\/\/corpsetsens.site\/index.php\/massages-et-soins-ayurvediques\/\" class=\"\" rel=\"bookmark\">Lire la suite &raquo;<span class=\"screen-reader-text\">Massages et soins Ayurv\u00e9diques<\/span><\/a><\/p>\n","protected":false},"author":1,"featured_media":0,"parent":0,"menu_order":0,"comment_status":"closed","ping_status":"closed","template":"","meta":{"neve_meta_sidebar":"","neve_meta_container":"","neve_meta_enable_content_width":"on","neve_meta_content_width":100,"neve_meta_title_alignment":"","neve_meta_author_avatar":"","neve_post_elements_order":"","neve_meta_disable_header":"","neve_meta_disable_footer":"","neve_meta_disable_title":"on","footnotes":""},"class_list":["post-366","page","type-page","status-publish","hentry"],"_links":{"self":[{"href":"https:\/\/corpsetsens.site\/index.php\/wp-json\/wp\/v2\/pages\/366","targetHints":{"allow":["GET"]}}],"collection":[{"href":"https:\/\/corpsetsens.site\/index.php\/wp-json\/wp\/v2\/pages"}],"about":[{"href":"https:\/\/corpsetsens.site\/index.php\/wp-json\/wp\/v2\/types\/page"}],"author":[{"embeddable":true,"href":"https:\/\/corpsetsens.site\/index.php\/wp-json\/wp\/v2\/users\/1"}],"replies":[{"embeddable":true,"href":"https:\/\/corpsetsens.site\/index.php\/wp-json\/wp\/v2\/comments?post=366"}],"version-history":[{"count":74,"href":"https:\/\/corpsetsens.site\/index.php\/wp-json\/wp\/v2\/pages\/366\/revisions"}],"predecessor-version":[{"id":1375,"href":"https:\/\/corpsetsens.site\/index.php\/wp-json\/wp\/v2\/pages\/366\/revisions\/1375"}],"wp:attachment":[{"href":"https:\/\/corpsetsens.site\/index.php\/wp-json\/wp\/v2\/media?parent=366"}],"curies":[{"name":"wp","href":"https:\/\/api.w.org\/{rel}","templated":true}]}}